{"id":1929,"date":"2024-03-15T12:09:59","date_gmt":"2024-03-15T12:09:59","guid":{"rendered":"https:\/\/integraition.de\/landing-page\/?page_id=1929"},"modified":"2024-03-19T11:17:34","modified_gmt":"2024-03-19T11:17:34","slug":"prompting-tutor","status":"publish","type":"page","link":"https:\/\/integraition.de\/landing-page\/prompting-tutor\/","title":{"rendered":"Prompting Tutor &#8211; German"},"content":{"rendered":"\n<div class=\"wp-block-uagb-container uagb-block-a3003be8 alignfull uagb-is-root-container\"><div class=\"uagb-container-inner-blocks-wrap\">\n<div class=\"wp-block-uagb-advanced-heading uagb-block-ead44094\"><h1 class=\"uagb-heading-text\">Prompting: Was, Wie und Warum?<\/h1><div class=\"uagb-separator\"><\/div><p class=\"uagb-desc-text\">Auf dieser Seite lernen Sie interaktiv, was \u201ePrompting\u201c ist. Genauer gesagt, werden Sie erfahren, wie Sie am besten mit einer KI kommunizieren, um die besten Ergebnisse zu erzielen. Wir m\u00f6chten Ihnen beibringen, wie Sie Ihre Interaktion mit einer KI optimal nutzen k\u00f6nnen, um Ihre Ziele so schnell wie m\u00f6glich zu erreichen. Alba wird Ihnen dabei helfen und Sie durch die Fallstricke der KI-Kommunikation f\u00fchren.<\/p><\/div>\n\n\n\n<div class=\"wp-block-uagb-container uagb-block-9380cd3f alignfull uagb-is-root-container\"><div class=\"uagb-container-inner-blocks-wrap\">\n<div class=\"wp-block-uagb-info-box uagb-block-3e0a17cf uagb-infobox__content-wrap  uagb-infobox-icon-above-title uagb-infobox-image-valign-top\"><div class=\"uagb-ifb-content\"><div class=\"uagb-ifb-icon-wrap\"><svg xmlns=\"https:\/\/www.w3.org\/2000\/svg\" viewBox=\"0 0 320 512\"><path d=\"M204.3 32.01H96c-52.94 0-96 43.06-96 96c0 17.67 14.31 31.1 32 31.1s32-14.32 32-31.1c0-17.64 14.34-32 32-32h108.3C232.8 96.01 256 119.2 256 147.8c0 19.72-10.97 37.47-30.5 47.33L127.8 252.4C117.1 258.2 112 268.7 112 280v40c0 17.67 14.31 31.99 32 31.99s32-14.32 32-31.99V298.3L256 251.3c39.47-19.75 64-59.42 64-103.5C320 83.95 268.1 32.01 204.3 32.01zM144 400c-22.09 0-40 17.91-40 40s17.91 39.1 40 39.1s40-17.9 40-39.1S166.1 400 144 400z\"><\/path><\/svg><\/div><div class=\"uagb-ifb-title-wrap\"><h3 class=\"uagb-ifb-title\">Prompting<\/h3><\/div><p class=\"uagb-ifb-desc\">Prompting, im Kontext der Interaktion mit k\u00fcnstlicher Intelligenz (KI), insbesondere mit Sprachmodellen wie ChatGPT, bezieht sich auf den Prozess des Bereitstellens eines textbasierten Hinweises oder einer Frage, die die Antwort der KI leitet. Es ist im Wesentlichen, wie Sie Ihre Anfrage oder Ihren Informationsbedarf an die KI kommunizieren. Die Qualit\u00e4t und Struktur Ihres Prompts kann die Relevanz, Genauigkeit und Hilfreichkeit der Antwort der KI erheblich beeinflussen.<\/p><\/div><\/div>\n<\/div><\/div>\n\n\n\n<div class=\"wp-block-uagb-separator uagb-block-6be4fc7b\"><div class=\"wp-block-uagb-separator__inner\" style=\"--my-background-image:\"><\/div><\/div>\n\n\n\n<div class=\"wp-block-uagb-container uagb-block-2b0d42be alignfull uagb-is-root-container\"><div class=\"uagb-container-inner-blocks-wrap\">\n<div class=\"wp-block-uagb-advanced-heading uagb-block-8f6a8ba4\"><h2 class=\"uagb-heading-text\">Lernen Sie Ihren Tutor kennen: Alba<\/h2><\/div>\n\n\n<div class='mwai-chatbot-container' data-params='{&quot;aiName&quot;:&quot;Alba&quot;,&quot;userName&quot;:&quot;Sie:&quot;,&quot;guestName&quot;:&quot;Guest:&quot;,&quot;textSend&quot;:&quot;Senden&quot;,&quot;textClear&quot;:&quot;L\\u00f6schen&quot;,&quot;fileSearch&quot;:&quot;&quot;,&quot;textInputPlaceholder&quot;:&quot;Schreiben Sie Ihre Nachricht...&quot;,&quot;textInputMaxLength&quot;:512,&quot;textCompliance&quot;:&quot;Ihre Eingaben werden zu Forschungszwecken gespeichert. \\n Alba kann Fehler machen. Bleiben Sie kritisch und \\u00fcberpr\\u00fcfen Sie wichtige Informationen.&quot;,&quot;startSentence&quot;:&quot;Hallo und herzlich willkommen! Ich bin Ihr Assistent Tutor, speziell entworfen, um Sie durch die Kunst des Erstellens effektiver und pr\\u00e4ziser Prompts f\\u00fcr die Interaktion mit k\\u00fcnstlicher Intelligenz zu f\\u00fchren. Egal, ob Sie neu dabei sind oder Ihre F\\u00e4higkeiten verfeinern m\\u00f6chten, ich bin hier, um Best Practices, Tipps zur Vermeidung g\\u00e4ngiger Fallstricke und personalisiertes Feedback zu geben, um Ihre Prompts zu verbessern. Gemeinsam werden wir erkunden, wie Sie Ihre Ideen klar und effizient mit AI kommunizieren k\\u00f6nnen, um sicherzustellen, dass Sie die relevantesten und n\\u00fctzlichsten Antworten erhalten. Wenn Sie Fragen haben oder Hilfe bei einem Prompt ben\\u00f6tigen, z\\u00f6gern Sie nicht zu fragen. Lassen Sie uns auf diese Reise gehen, um das volle Potenzial Ihrer Interaktionen mit AI zu entfalten! Sollen wir beginnen?&quot;,&quot;localMemory&quot;:&quot;&quot;,&quot;themeId&quot;:&quot;chatgpt&quot;,&quot;window&quot;:&quot;&quot;,&quot;icon&quot;:&quot;&quot;,&quot;iconText&quot;:&quot;&quot;,&quot;iconTextDelay&quot;:1,&quot;iconAlt&quot;:&quot;AI Chatbot Avatar&quot;,&quot;iconPosition&quot;:&quot;bottom-right&quot;,&quot;iconBubble&quot;:false,&quot;fullscreen&quot;:&quot;&quot;,&quot;copyButton&quot;:&quot;&quot;}' data-system='{&quot;botId&quot;:&quot;default&quot;,&quot;customId&quot;:&quot;dfde1a57e728ff6869e76463675c23e9&quot;,&quot;userData&quot;:null,&quot;sessionId&quot;:&quot;N\\\/A&quot;,&quot;restNonce&quot;:null,&quot;contextId&quot;:1929,&quot;pluginUrl&quot;:&quot;https:\\\/\\\/integraition.de\\\/wp-content\\\/plugins\\\/ai-engine-pro\\\/&quot;,&quot;restUrl&quot;:&quot;https:\\\/\\\/integraition.de\\\/landing-page\\\/wp-json&quot;,&quot;stream&quot;:true,&quot;debugMode&quot;:false,&quot;speech_recognition&quot;:false,&quot;speech_synthesis&quot;:false,&quot;typewriter&quot;:false,&quot;virtual_keyboard_fix&quot;:false,&quot;actions&quot;:[],&quot;blocks&quot;:[],&quot;shortcuts&quot;:[]}' data-theme='{&quot;type&quot;:&quot;internal&quot;,&quot;name&quot;:&quot;ChatGPT&quot;,&quot;themeId&quot;:&quot;chatgpt&quot;,&quot;settings&quot;:{&quot;borderRadius&quot;:&quot;3px&quot;},&quot;style&quot;:&quot;&quot;}'><\/div>\n<\/div><\/div>\n<\/div><\/div>\n","protected":false},"excerpt":{"rendered":"<p>Prompting: Was, Wie und Warum? Auf dieser Seite lernen Sie interaktiv, was \u201ePrompting\u201c ist. Genauer gesagt, werden Sie erfahren, wie Sie am besten mit einer KI kommunizieren, um die besten Ergebnisse zu erzielen. Wir m\u00f6chten Ihnen beibringen, wie Sie Ihre Interaktion mit einer KI optimal nutzen k\u00f6nnen, um Ihre Ziele so schnell wie m\u00f6glich zu [&hellip;]<\/p>\n","protected":false},"author":1,"featured_media":0,"parent":0,"menu_order":0,"comment_status":"closed","ping_status":"closed","template":"","meta":{"_uag_custom_page_level_css":"","site-sidebar-layout":"default","site-content-layout":"","ast-site-content-layout":"default","site-content-style":"default","site-sidebar-style":"default","ast-global-header-display":"","ast-banner-title-visibility":"","ast-main-header-display":"","ast-hfb-above-header-display":"","ast-hfb-below-header-display":"","ast-hfb-mobile-header-display":"","site-post-title":"","ast-breadcrumbs-content":"","ast-featured-img":"","footer-sml-layout":"","theme-transparent-header-meta":"","adv-header-id-meta":"","stick-header-meta":"","header-above-stick-meta":"","header-main-stick-meta":"","header-below-stick-meta":"","astra-migrate-meta-layouts":"set","ast-page-background-enabled":"default","ast-page-background-meta":{"desktop":{"background-color":"var(--ast-global-color-4)","background-image":"","background-repeat":"repeat","background-position":"center center","background-size":"auto","background-attachment":"scroll","background-type":"","background-media":"","overlay-type":"","overlay-color":"","overlay-opacity":"","overlay-gradient":""},"tablet":{"background-color":"","background-image":"","background-repeat":"repeat","background-position":"center center","background-size":"auto","background-attachment":"scroll","background-type":"","background-media":"","overlay-type":"","overlay-color":"","overlay-opacity":"","overlay-gradient":""},"mobile":{"background-color":"","background-image":"","background-repeat":"repeat","background-position":"center center","background-size":"auto","background-attachment":"scroll","background-type":"","background-media":"","overlay-type":"","overlay-color":"","overlay-opacity":"","overlay-gradient":""}},"ast-content-background-meta":{"desktop":{"background-color":"var(--ast-global-color-5)","background-image":"","background-repeat":"repeat","background-position":"center center","background-size":"auto","background-attachment":"scroll","background-type":"","background-media":"","overlay-type":"","overlay-color":"","overlay-opacity":"","overlay-gradient":""},"tablet":{"background-color":"var(--ast-global-color-5)","background-image":"","background-repeat":"repeat","background-position":"center center","background-size":"auto","background-attachment":"scroll","background-type":"","background-media":"","overlay-type":"","overlay-color":"","overlay-opacity":"","overlay-gradient":""},"mobile":{"background-color":"var(--ast-global-color-5)","background-image":"","background-repeat":"repeat","background-position":"center center","background-size":"auto","background-attachment":"scroll","background-type":"","background-media":"","overlay-type":"","overlay-color":"","overlay-opacity":"","overlay-gradient":""}},"footnotes":""},"class_list":["post-1929","page","type-page","status-publish","hentry"],"yoast_head":"<!-- This site is optimized with the Yoast SEO plugin v25.7 - https:\/\/yoast.com\/wordpress\/plugins\/seo\/ -->\n<title>Prompting Tutor - German - IntegrAItion<\/title>\n<meta name=\"robots\" content=\"index, follow, max-snippet:-1, max-image-preview:large, max-video-preview:-1\" \/>\n<link rel=\"canonical\" href=\"https:\/\/integraition.de\/landing-page\/prompting-tutor\/\" \/>\n<meta property=\"og:locale\" content=\"de_DE\" \/>\n<meta property=\"og:type\" content=\"article\" \/>\n<meta property=\"og:title\" content=\"Prompting Tutor - German - IntegrAItion\" \/>\n<meta property=\"og:description\" content=\"Prompting: Was, Wie und Warum? Auf dieser Seite lernen Sie interaktiv, was \u201ePrompting\u201c ist. Genauer gesagt, werden Sie erfahren, wie Sie am besten mit einer KI kommunizieren, um die besten Ergebnisse zu erzielen. Wir m\u00f6chten Ihnen beibringen, wie Sie Ihre Interaktion mit einer KI optimal nutzen k\u00f6nnen, um Ihre Ziele so schnell wie m\u00f6glich zu [&hellip;]\" \/>\n<meta property=\"og:url\" content=\"https:\/\/integraition.de\/landing-page\/prompting-tutor\/\" \/>\n<meta property=\"og:site_name\" content=\"IntegrAItion\" \/>\n<meta property=\"article:modified_time\" content=\"2024-03-19T11:17:34+00:00\" \/>\n<meta name=\"twitter:card\" content=\"summary_large_image\" \/>\n<meta name=\"twitter:label1\" content=\"Gesch\u00e4tzte Lesezeit\" \/>\n\t<meta name=\"twitter:data1\" content=\"7\u00a0Minuten\" \/>\n<script type=\"application\/ld+json\" class=\"yoast-schema-graph\">{\"@context\":\"https:\/\/schema.org\",\"@graph\":[{\"@type\":\"WebPage\",\"@id\":\"https:\/\/integraition.de\/landing-page\/prompting-tutor\/\",\"url\":\"https:\/\/integraition.de\/landing-page\/prompting-tutor\/\",\"name\":\"Prompting Tutor - German - IntegrAItion\",\"isPartOf\":{\"@id\":\"https:\/\/integraition.de\/landing-page\/#website\"},\"datePublished\":\"2024-03-15T12:09:59+00:00\",\"dateModified\":\"2024-03-19T11:17:34+00:00\",\"breadcrumb\":{\"@id\":\"https:\/\/integraition.de\/landing-page\/prompting-tutor\/#breadcrumb\"},\"inLanguage\":\"de\",\"potentialAction\":[{\"@type\":\"ReadAction\",\"target\":[\"https:\/\/integraition.de\/landing-page\/prompting-tutor\/\"]}]},{\"@type\":\"BreadcrumbList\",\"@id\":\"https:\/\/integraition.de\/landing-page\/prompting-tutor\/#breadcrumb\",\"itemListElement\":[{\"@type\":\"ListItem\",\"position\":1,\"name\":\"Home\",\"item\":\"https:\/\/integraition.de\/landing-page\/\"},{\"@type\":\"ListItem\",\"position\":2,\"name\":\"Prompting Tutor &#8211; German\"}]},{\"@type\":\"WebSite\",\"@id\":\"https:\/\/integraition.de\/landing-page\/#website\",\"url\":\"https:\/\/integraition.de\/landing-page\/\",\"name\":\"IntegrAItion\",\"description\":\"Enabling your AI Journey\",\"publisher\":{\"@id\":\"https:\/\/integraition.de\/landing-page\/#organization\"},\"alternateName\":\"Alba\",\"potentialAction\":[{\"@type\":\"SearchAction\",\"target\":{\"@type\":\"EntryPoint\",\"urlTemplate\":\"https:\/\/integraition.de\/landing-page\/?s={search_term_string}\"},\"query-input\":{\"@type\":\"PropertyValueSpecification\",\"valueRequired\":true,\"valueName\":\"search_term_string\"}}],\"inLanguage\":\"de\"},{\"@type\":\"Organization\",\"@id\":\"https:\/\/integraition.de\/landing-page\/#organization\",\"name\":\"IntegrAItion\",\"url\":\"https:\/\/integraition.de\/landing-page\/\",\"logo\":{\"@type\":\"ImageObject\",\"inLanguage\":\"de\",\"@id\":\"https:\/\/integraition.de\/landing-page\/#\/schema\/logo\/image\/\",\"url\":\"https:\/\/i0.wp.com\/integraition.de\/wp-content\/uploads\/2024\/03\/cropped-logoalba-removebg-preview-3.png?fit=864%2C284&ssl=1\",\"contentUrl\":\"https:\/\/i0.wp.com\/integraition.de\/wp-content\/uploads\/2024\/03\/cropped-logoalba-removebg-preview-3.png?fit=864%2C284&ssl=1\",\"width\":864,\"height\":284,\"caption\":\"IntegrAItion\"},\"image\":{\"@id\":\"https:\/\/integraition.de\/landing-page\/#\/schema\/logo\/image\/\"}}]}<\/script>\n<!-- \/ Yoast SEO plugin. -->","yoast_head_json":{"title":"Prompting Tutor - German - IntegrAItion","robots":{"index":"index","follow":"follow","max-snippet":"max-snippet:-1","max-image-preview":"max-image-preview:large","max-video-preview":"max-video-preview:-1"},"canonical":"https:\/\/integraition.de\/landing-page\/prompting-tutor\/","og_locale":"de_DE","og_type":"article","og_title":"Prompting Tutor - German - IntegrAItion","og_description":"Prompting: Was, Wie und Warum? Auf dieser Seite lernen Sie interaktiv, was \u201ePrompting\u201c ist. Genauer gesagt, werden Sie erfahren, wie Sie am besten mit einer KI kommunizieren, um die besten Ergebnisse zu erzielen. Wir m\u00f6chten Ihnen beibringen, wie Sie Ihre Interaktion mit einer KI optimal nutzen k\u00f6nnen, um Ihre Ziele so schnell wie m\u00f6glich zu [&hellip;]","og_url":"https:\/\/integraition.de\/landing-page\/prompting-tutor\/","og_site_name":"IntegrAItion","article_modified_time":"2024-03-19T11:17:34+00:00","twitter_card":"summary_large_image","twitter_misc":{"Gesch\u00e4tzte Lesezeit":"7\u00a0Minuten"},"schema":{"@context":"https:\/\/schema.org","@graph":[{"@type":"WebPage","@id":"https:\/\/integraition.de\/landing-page\/prompting-tutor\/","url":"https:\/\/integraition.de\/landing-page\/prompting-tutor\/","name":"Prompting Tutor - German - IntegrAItion","isPartOf":{"@id":"https:\/\/integraition.de\/landing-page\/#website"},"datePublished":"2024-03-15T12:09:59+00:00","dateModified":"2024-03-19T11:17:34+00:00","breadcrumb":{"@id":"https:\/\/integraition.de\/landing-page\/prompting-tutor\/#breadcrumb"},"inLanguage":"de","potentialAction":[{"@type":"ReadAction","target":["https:\/\/integraition.de\/landing-page\/prompting-tutor\/"]}]},{"@type":"BreadcrumbList","@id":"https:\/\/integraition.de\/landing-page\/prompting-tutor\/#breadcrumb","itemListElement":[{"@type":"ListItem","position":1,"name":"Home","item":"https:\/\/integraition.de\/landing-page\/"},{"@type":"ListItem","position":2,"name":"Prompting Tutor &#8211; German"}]},{"@type":"WebSite","@id":"https:\/\/integraition.de\/landing-page\/#website","url":"https:\/\/integraition.de\/landing-page\/","name":"IntegrAItion","description":"Enabling your AI Journey","publisher":{"@id":"https:\/\/integraition.de\/landing-page\/#organization"},"alternateName":"Alba","potentialAction":[{"@type":"SearchAction","target":{"@type":"EntryPoint","urlTemplate":"https:\/\/integraition.de\/landing-page\/?s={search_term_string}"},"query-input":{"@type":"PropertyValueSpecification","valueRequired":true,"valueName":"search_term_string"}}],"inLanguage":"de"},{"@type":"Organization","@id":"https:\/\/integraition.de\/landing-page\/#organization","name":"IntegrAItion","url":"https:\/\/integraition.de\/landing-page\/","logo":{"@type":"ImageObject","inLanguage":"de","@id":"https:\/\/integraition.de\/landing-page\/#\/schema\/logo\/image\/","url":"https:\/\/i0.wp.com\/integraition.de\/wp-content\/uploads\/2024\/03\/cropped-logoalba-removebg-preview-3.png?fit=864%2C284&ssl=1","contentUrl":"https:\/\/i0.wp.com\/integraition.de\/wp-content\/uploads\/2024\/03\/cropped-logoalba-removebg-preview-3.png?fit=864%2C284&ssl=1","width":864,"height":284,"caption":"IntegrAItion"},"image":{"@id":"https:\/\/integraition.de\/landing-page\/#\/schema\/logo\/image\/"}}]}},"uagb_featured_image_src":{"full":false,"thumbnail":false,"medium":false,"medium_large":false,"large":false,"1536x1536":false,"2048x2048":false},"uagb_author_info":{"display_name":"admin","author_link":"https:\/\/integraition.de\/landing-page\/author\/admin\/"},"uagb_comment_info":0,"uagb_excerpt":"Prompting: Was, Wie und Warum? Auf dieser Seite lernen Sie interaktiv, was \u201ePrompting\u201c ist. Genauer gesagt, werden Sie erfahren, wie Sie am besten mit einer KI kommunizieren, um die besten Ergebnisse zu erzielen. Wir m\u00f6chten Ihnen beibringen, wie Sie Ihre Interaktion mit einer KI optimal nutzen k\u00f6nnen, um Ihre Ziele so schnell wie m\u00f6glich zu&hellip;","jetpack_sharing_enabled":true,"_links":{"self":[{"href":"https:\/\/integraition.de\/landing-page\/wp-json\/wp\/v2\/pages\/1929","targetHints":{"allow":["GET"]}}],"collection":[{"href":"https:\/\/integraition.de\/landing-page\/wp-json\/wp\/v2\/pages"}],"about":[{"href":"https:\/\/integraition.de\/landing-page\/wp-json\/wp\/v2\/types\/page"}],"author":[{"embeddable":true,"href":"https:\/\/integraition.de\/landing-page\/wp-json\/wp\/v2\/users\/1"}],"replies":[{"embeddable":true,"href":"https:\/\/integraition.de\/landing-page\/wp-json\/wp\/v2\/comments?post=1929"}],"version-history":[{"count":24,"href":"https:\/\/integraition.de\/landing-page\/wp-json\/wp\/v2\/pages\/1929\/revisions"}],"predecessor-version":[{"id":2463,"href":"https:\/\/integraition.de\/landing-page\/wp-json\/wp\/v2\/pages\/1929\/revisions\/2463"}],"wp:attachment":[{"href":"https:\/\/integraition.de\/landing-page\/wp-json\/wp\/v2\/media?parent=1929"}],"curies":[{"name":"wp","href":"https:\/\/api.w.org\/{rel}","templated":true}]}}