{"id":1955,"date":"2024-03-15T12:55:56","date_gmt":"2024-03-15T12:55:56","guid":{"rendered":"https:\/\/integraition.de\/landing-page\/?page_id=1955"},"modified":"2024-03-19T11:20:00","modified_gmt":"2024-03-19T11:20:00","slug":"prompting-tr","status":"publish","type":"page","link":"https:\/\/integraition.de\/landing-page\/tr\/prompting-tr\/","title":{"rendered":"Prompting Tutor &#8211; Turkish"},"content":{"rendered":"\n<div class=\"wp-block-uagb-container uagb-block-a3003be8 alignfull uagb-is-root-container\"><div class=\"uagb-container-inner-blocks-wrap\">\n<div class=\"wp-block-uagb-advanced-heading uagb-block-ead44094\"><h1 class=\"uagb-heading-text\">Y\u00f6nlendirme: Nedir ve Nas\u0131l Yap\u0131l\u0131r?<\/h1><div class=\"uagb-separator\"><\/div><p class=\"uagb-desc-text\">Bu sayfada, &#8222;y\u00f6nlendirme&#8220;nin ne oldu\u011funu interaktif bir \u015fekilde \u00f6\u011freneceksiniz. Daha spesifik olarak, en iyi sonu\u00e7lar\u0131 almak i\u00e7in bir YZ ile nas\u0131l en iyi \u015fekilde ileti\u015fim kuraca\u011f\u0131n\u0131z\u0131 \u00f6\u011freneceksiniz. Amac\u0131m\u0131z, hedeflerinize m\u00fcmk\u00fcn olan en k\u0131sa s\u00fcrede ula\u015fmak i\u00e7in YZ ile etkile\u015fiminizi en iyi \u015fekilde nas\u0131l kullanaca\u011f\u0131n\u0131z\u0131 \u00f6\u011fretmektir. Alba bu konuda size yard\u0131mc\u0131 olacak ve YZ ile ileti\u015fimin p\u00fcf noktalar\u0131 hakk\u0131nda sizi y\u00f6nlendirecek.<\/p><\/div>\n\n\n\n<div class=\"wp-block-uagb-container uagb-block-9380cd3f alignfull uagb-is-root-container\"><div class=\"uagb-container-inner-blocks-wrap\">\n<div class=\"wp-block-uagb-info-box uagb-block-3e0a17cf uagb-infobox__content-wrap  uagb-infobox-icon-above-title uagb-infobox-image-valign-top\"><div class=\"uagb-ifb-content\"><div class=\"uagb-ifb-icon-wrap\"><svg xmlns=\"https:\/\/www.w3.org\/2000\/svg\" viewBox=\"0 0 320 512\"><path d=\"M204.3 32.01H96c-52.94 0-96 43.06-96 96c0 17.67 14.31 31.1 32 31.1s32-14.32 32-31.1c0-17.64 14.34-32 32-32h108.3C232.8 96.01 256 119.2 256 147.8c0 19.72-10.97 37.47-30.5 47.33L127.8 252.4C117.1 258.2 112 268.7 112 280v40c0 17.67 14.31 31.99 32 31.99s32-14.32 32-31.99V298.3L256 251.3c39.47-19.75 64-59.42 64-103.5C320 83.95 268.1 32.01 204.3 32.01zM144 400c-22.09 0-40 17.91-40 40s17.91 39.1 40 39.1s40-17.9 40-39.1S166.1 400 144 400z\"><\/path><\/svg><\/div><div class=\"uagb-ifb-title-wrap\"><h3 class=\"uagb-ifb-title\">Y\u00f6nlendirme<\/h3><\/div><p class=\"uagb-ifb-desc\">Yapay zeka (YZ) ile etkile\u015fim ba\u011flam\u0131nda, \u00f6zellikle ChatGPT gibi dil modelleriyle, y\u00f6nlendirme, YZ&#8217;nin yan\u0131t\u0131n\u0131 y\u00f6nlendiren metin tabanl\u0131 bir ipucu veya soru sa\u011flama s\u00fcrecini ifade eder. Temelde, iste\u011finizi veya bilgi ihtiyac\u0131n\u0131z\u0131 YZ&#8217;ye nas\u0131l iletti\u011finizi anlat\u0131r. \u0130promptunuzun kalitesi ve yap\u0131s\u0131, YZ&#8217;nin yan\u0131t\u0131n\u0131n ilgili\u011fi, do\u011frulu\u011fu ve yararl\u0131l\u0131\u011f\u0131 \u00fczerinde \u00f6nemli bir etkiye sahip olabilir.<\/p><\/div><\/div>\n<\/div><\/div>\n\n\n\n<div class=\"wp-block-uagb-separator uagb-block-6be4fc7b\"><div class=\"wp-block-uagb-separator__inner\" style=\"--my-background-image:\"><\/div><\/div>\n\n\n\n<div class=\"wp-block-uagb-container uagb-block-2b0d42be alignfull uagb-is-root-container\"><div class=\"uagb-container-inner-blocks-wrap\">\n<div class=\"wp-block-uagb-advanced-heading uagb-block-8f6a8ba4\"><h2 class=\"uagb-heading-text\">E\u011fitmeninizi Tan\u0131y\u0131n: Alba<\/h2><\/div>\n\n\n<div class='mwai-chatbot-container' data-params='{&quot;aiName&quot;:&quot;Alba&quot;,&quot;userName&quot;:&quot;Siz:&quot;,&quot;guestName&quot;:&quot;Guest:&quot;,&quot;textSend&quot;:&quot;G\\u00f6nder&quot;,&quot;textClear&quot;:&quot;Temizle&quot;,&quot;fileSearch&quot;:&quot;&quot;,&quot;textInputPlaceholder&quot;:&quot;Mesaj\\u0131n\\u0131z\\u0131 yaz\\u0131n...&quot;,&quot;textInputMaxLength&quot;:512,&quot;textCompliance&quot;:&quot;Giri\\u015fleriniz ara\\u015ft\\u0131rma ama\\u00e7l\\u0131 kaydedilir. \\n Alba hatalar yapabilir. Ele\\u015ftirel olun ve \\u00f6nemli bilgileri iki kez kontrol edin.&quot;,&quot;startSentence&quot;:&quot;Merhaba ve ho\\u015f geldiniz! Ben, yapay zeka ile etkile\\u015fimde etkili ve kesin y\\u00f6nlendirmeler olu\\u015fturma sanat\\u0131 konusunda sizi y\\u00f6nlendirmek \\u00fczere \\u00f6zel olarak tasarlanm\\u0131\\u015f Asistan E\\u011fitmeninizim. Yeni ba\\u015flayan biri olun veya becerilerinizi geli\\u015ftirmek isteyin, en iyi uygulamalar, yayg\\u0131n tuzaklardan ka\\u00e7\\u0131nma ipu\\u00e7lar\\u0131 ve y\\u00f6nlendirmelerinizi geli\\u015ftirmek i\\u00e7in ki\\u015fiselle\\u015ftirilmi\\u015f geri bildirimler sunmak i\\u00e7in buraday\\u0131m. Birlikte, fikirlerinizi AI ile a\\u00e7\\u0131k ve etkili bir \\u015fekilde nas\\u0131l ileti\\u015febilece\\u011finizi ke\\u015ffedece\\u011fiz, b\\u00f6ylece en alakal\\u0131 ve yararl\\u0131 yan\\u0131tlar\\u0131 alman\\u0131z\\u0131 sa\\u011flayaca\\u011f\\u0131z. Bir sorunuz varsa veya bir y\\u00f6nlendirmeyle ilgili yard\\u0131ma ihtiyac\\u0131n\\u0131z varsa, sormaktan \\u00e7ekinmeyin. AI ile etkile\\u015fimlerinizin tam potansiyelini ortaya \\u00e7\\u0131karmak i\\u00e7in bu yolculu\\u011fa \\u00e7\\u0131kal\\u0131m! Ba\\u015flayal\\u0131m m\\u0131?&quot;,&quot;localMemory&quot;:&quot;&quot;,&quot;themeId&quot;:&quot;chatgpt&quot;,&quot;window&quot;:&quot;&quot;,&quot;icon&quot;:&quot;&quot;,&quot;iconText&quot;:&quot;&quot;,&quot;iconTextDelay&quot;:1,&quot;iconAlt&quot;:&quot;AI Chatbot Avatar&quot;,&quot;iconPosition&quot;:&quot;bottom-right&quot;,&quot;iconBubble&quot;:false,&quot;fullscreen&quot;:&quot;&quot;,&quot;copyButton&quot;:&quot;&quot;}' data-system='{&quot;botId&quot;:&quot;default&quot;,&quot;customId&quot;:&quot;dfde1a57e728ff6869e76463675c23e9&quot;,&quot;userData&quot;:null,&quot;sessionId&quot;:&quot;N\\\/A&quot;,&quot;restNonce&quot;:null,&quot;contextId&quot;:1955,&quot;pluginUrl&quot;:&quot;https:\\\/\\\/integraition.de\\\/wp-content\\\/plugins\\\/ai-engine-pro\\\/&quot;,&quot;restUrl&quot;:&quot;https:\\\/\\\/integraition.de\\\/landing-page\\\/wp-json&quot;,&quot;stream&quot;:true,&quot;debugMode&quot;:false,&quot;speech_recognition&quot;:false,&quot;speech_synthesis&quot;:false,&quot;typewriter&quot;:false,&quot;virtual_keyboard_fix&quot;:false,&quot;actions&quot;:[],&quot;blocks&quot;:[],&quot;shortcuts&quot;:[]}' data-theme='{&quot;type&quot;:&quot;internal&quot;,&quot;name&quot;:&quot;ChatGPT&quot;,&quot;themeId&quot;:&quot;chatgpt&quot;,&quot;settings&quot;:{&quot;borderRadius&quot;:&quot;3px&quot;},&quot;style&quot;:&quot;&quot;}'><\/div>\n<\/div><\/div>\n<\/div><\/div>\n","protected":false},"excerpt":{"rendered":"<p>Y\u00f6nlendirme: Nedir ve Nas\u0131l Yap\u0131l\u0131r? Bu sayfada, &#8222;y\u00f6nlendirme&#8220;nin ne oldu\u011funu interaktif bir \u015fekilde \u00f6\u011freneceksiniz. Daha spesifik olarak, en iyi sonu\u00e7lar\u0131 almak i\u00e7in bir YZ ile nas\u0131l en iyi \u015fekilde ileti\u015fim kuraca\u011f\u0131n\u0131z\u0131 \u00f6\u011freneceksiniz. Amac\u0131m\u0131z, hedeflerinize m\u00fcmk\u00fcn olan en k\u0131sa s\u00fcrede ula\u015fmak i\u00e7in YZ ile etkile\u015fiminizi en iyi \u015fekilde nas\u0131l kullanaca\u011f\u0131n\u0131z\u0131 \u00f6\u011fretmektir. Alba bu konuda size yard\u0131mc\u0131 [&hellip;]<\/p>\n","protected":false},"author":1,"featured_media":0,"parent":0,"menu_order":0,"comment_status":"closed","ping_status":"closed","template":"","meta":{"_uag_custom_page_level_css":"","site-sidebar-layout":"default","site-content-layout":"","ast-site-content-layout":"default","site-content-style":"default","site-sidebar-style":"default","ast-global-header-display":"","ast-banner-title-visibility":"","ast-main-header-display":"","ast-hfb-above-header-display":"","ast-hfb-below-header-display":"","ast-hfb-mobile-header-display":"","site-post-title":"","ast-breadcrumbs-content":"","ast-featured-img":"","footer-sml-layout":"","theme-transparent-header-meta":"","adv-header-id-meta":"","stick-header-meta":"","header-above-stick-meta":"","header-main-stick-meta":"","header-below-stick-meta":"","astra-migrate-meta-layouts":"set","ast-page-background-enabled":"default","ast-page-background-meta":{"desktop":{"background-color":"var(--ast-global-color-4)","background-image":"","background-repeat":"repeat","background-position":"center center","background-size":"auto","background-attachment":"scroll","background-type":"","background-media":"","overlay-type":"","overlay-color":"","overlay-opacity":"","overlay-gradient":""},"tablet":{"background-color":"","background-image":"","background-repeat":"repeat","background-position":"center center","background-size":"auto","background-attachment":"scroll","background-type":"","background-media":"","overlay-type":"","overlay-color":"","overlay-opacity":"","overlay-gradient":""},"mobile":{"background-color":"","background-image":"","background-repeat":"repeat","background-position":"center center","background-size":"auto","background-attachment":"scroll","background-type":"","background-media":"","overlay-type":"","overlay-color":"","overlay-opacity":"","overlay-gradient":""}},"ast-content-background-meta":{"desktop":{"background-color":"var(--ast-global-color-5)","background-image":"","background-repeat":"repeat","background-position":"center center","background-size":"auto","background-attachment":"scroll","background-type":"","background-media":"","overlay-type":"","overlay-color":"","overlay-opacity":"","overlay-gradient":""},"tablet":{"background-color":"var(--ast-global-color-5)","background-image":"","background-repeat":"repeat","background-position":"center center","background-size":"auto","background-attachment":"scroll","background-type":"","background-media":"","overlay-type":"","overlay-color":"","overlay-opacity":"","overlay-gradient":""},"mobile":{"background-color":"var(--ast-global-color-5)","background-image":"","background-repeat":"repeat","background-position":"center center","background-size":"auto","background-attachment":"scroll","background-type":"","background-media":"","overlay-type":"","overlay-color":"","overlay-opacity":"","overlay-gradient":""}},"footnotes":""},"class_list":["post-1955","page","type-page","status-publish","hentry"],"yoast_head":"<!-- This site is optimized with the Yoast SEO plugin v25.7 - https:\/\/yoast.com\/wordpress\/plugins\/seo\/ -->\n<title>Prompting Tutor - Turkish - IntegrAItion<\/title>\n<meta name=\"robots\" content=\"index, follow, max-snippet:-1, max-image-preview:large, max-video-preview:-1\" \/>\n<link rel=\"canonical\" href=\"https:\/\/integraition.de\/landing-page\/tr\/prompting-tr\/\" \/>\n<meta property=\"og:locale\" content=\"de_DE\" \/>\n<meta property=\"og:type\" content=\"article\" \/>\n<meta property=\"og:title\" content=\"Prompting Tutor - Turkish - IntegrAItion\" \/>\n<meta property=\"og:description\" content=\"Y\u00f6nlendirme: Nedir ve Nas\u0131l Yap\u0131l\u0131r? Bu sayfada, &#8222;y\u00f6nlendirme&#8220;nin ne oldu\u011funu interaktif bir \u015fekilde \u00f6\u011freneceksiniz. Daha spesifik olarak, en iyi sonu\u00e7lar\u0131 almak i\u00e7in bir YZ ile nas\u0131l en iyi \u015fekilde ileti\u015fim kuraca\u011f\u0131n\u0131z\u0131 \u00f6\u011freneceksiniz. Amac\u0131m\u0131z, hedeflerinize m\u00fcmk\u00fcn olan en k\u0131sa s\u00fcrede ula\u015fmak i\u00e7in YZ ile etkile\u015fiminizi en iyi \u015fekilde nas\u0131l kullanaca\u011f\u0131n\u0131z\u0131 \u00f6\u011fretmektir. Alba bu konuda size yard\u0131mc\u0131 [&hellip;]\" \/>\n<meta property=\"og:url\" content=\"https:\/\/integraition.de\/landing-page\/tr\/prompting-tr\/\" \/>\n<meta property=\"og:site_name\" content=\"IntegrAItion\" \/>\n<meta property=\"article:modified_time\" content=\"2024-03-19T11:20:00+00:00\" \/>\n<meta name=\"twitter:card\" content=\"summary_large_image\" \/>\n<meta name=\"twitter:label1\" content=\"Gesch\u00e4tzte Lesezeit\" \/>\n\t<meta name=\"twitter:data1\" content=\"7\u00a0Minuten\" \/>\n<script type=\"application\/ld+json\" class=\"yoast-schema-graph\">{\"@context\":\"https:\/\/schema.org\",\"@graph\":[{\"@type\":\"WebPage\",\"@id\":\"https:\/\/integraition.de\/landing-page\/tr\/prompting-tr\/\",\"url\":\"https:\/\/integraition.de\/landing-page\/tr\/prompting-tr\/\",\"name\":\"Prompting Tutor - Turkish - IntegrAItion\",\"isPartOf\":{\"@id\":\"https:\/\/integraition.de\/landing-page\/#website\"},\"datePublished\":\"2024-03-15T12:55:56+00:00\",\"dateModified\":\"2024-03-19T11:20:00+00:00\",\"breadcrumb\":{\"@id\":\"https:\/\/integraition.de\/landing-page\/tr\/prompting-tr\/#breadcrumb\"},\"inLanguage\":\"de\",\"potentialAction\":[{\"@type\":\"ReadAction\",\"target\":[\"https:\/\/integraition.de\/landing-page\/tr\/prompting-tr\/\"]}]},{\"@type\":\"BreadcrumbList\",\"@id\":\"https:\/\/integraition.de\/landing-page\/tr\/prompting-tr\/#breadcrumb\",\"itemListElement\":[{\"@type\":\"ListItem\",\"position\":1,\"name\":\"Home\",\"item\":\"https:\/\/integraition.de\/landing-page\/\"},{\"@type\":\"ListItem\",\"position\":2,\"name\":\"Prompting Tutor &#8211; Turkish\"}]},{\"@type\":\"WebSite\",\"@id\":\"https:\/\/integraition.de\/landing-page\/#website\",\"url\":\"https:\/\/integraition.de\/landing-page\/\",\"name\":\"IntegrAItion\",\"description\":\"Enabling your AI Journey\",\"publisher\":{\"@id\":\"https:\/\/integraition.de\/landing-page\/#organization\"},\"alternateName\":\"Alba\",\"potentialAction\":[{\"@type\":\"SearchAction\",\"target\":{\"@type\":\"EntryPoint\",\"urlTemplate\":\"https:\/\/integraition.de\/landing-page\/?s={search_term_string}\"},\"query-input\":{\"@type\":\"PropertyValueSpecification\",\"valueRequired\":true,\"valueName\":\"search_term_string\"}}],\"inLanguage\":\"de\"},{\"@type\":\"Organization\",\"@id\":\"https:\/\/integraition.de\/landing-page\/#organization\",\"name\":\"IntegrAItion\",\"url\":\"https:\/\/integraition.de\/landing-page\/\",\"logo\":{\"@type\":\"ImageObject\",\"inLanguage\":\"de\",\"@id\":\"https:\/\/integraition.de\/landing-page\/#\/schema\/logo\/image\/\",\"url\":\"https:\/\/i0.wp.com\/integraition.de\/wp-content\/uploads\/2024\/03\/cropped-logoalba-removebg-preview-3.png?fit=864%2C284&ssl=1\",\"contentUrl\":\"https:\/\/i0.wp.com\/integraition.de\/wp-content\/uploads\/2024\/03\/cropped-logoalba-removebg-preview-3.png?fit=864%2C284&ssl=1\",\"width\":864,\"height\":284,\"caption\":\"IntegrAItion\"},\"image\":{\"@id\":\"https:\/\/integraition.de\/landing-page\/#\/schema\/logo\/image\/\"}}]}<\/script>\n<!-- \/ Yoast SEO plugin. -->","yoast_head_json":{"title":"Prompting Tutor - Turkish - IntegrAItion","robots":{"index":"index","follow":"follow","max-snippet":"max-snippet:-1","max-image-preview":"max-image-preview:large","max-video-preview":"max-video-preview:-1"},"canonical":"https:\/\/integraition.de\/landing-page\/tr\/prompting-tr\/","og_locale":"de_DE","og_type":"article","og_title":"Prompting Tutor - Turkish - IntegrAItion","og_description":"Y\u00f6nlendirme: Nedir ve Nas\u0131l Yap\u0131l\u0131r? Bu sayfada, &#8222;y\u00f6nlendirme&#8220;nin ne oldu\u011funu interaktif bir \u015fekilde \u00f6\u011freneceksiniz. Daha spesifik olarak, en iyi sonu\u00e7lar\u0131 almak i\u00e7in bir YZ ile nas\u0131l en iyi \u015fekilde ileti\u015fim kuraca\u011f\u0131n\u0131z\u0131 \u00f6\u011freneceksiniz. Amac\u0131m\u0131z, hedeflerinize m\u00fcmk\u00fcn olan en k\u0131sa s\u00fcrede ula\u015fmak i\u00e7in YZ ile etkile\u015fiminizi en iyi \u015fekilde nas\u0131l kullanaca\u011f\u0131n\u0131z\u0131 \u00f6\u011fretmektir. Alba bu konuda size yard\u0131mc\u0131 [&hellip;]","og_url":"https:\/\/integraition.de\/landing-page\/tr\/prompting-tr\/","og_site_name":"IntegrAItion","article_modified_time":"2024-03-19T11:20:00+00:00","twitter_card":"summary_large_image","twitter_misc":{"Gesch\u00e4tzte Lesezeit":"7\u00a0Minuten"},"schema":{"@context":"https:\/\/schema.org","@graph":[{"@type":"WebPage","@id":"https:\/\/integraition.de\/landing-page\/tr\/prompting-tr\/","url":"https:\/\/integraition.de\/landing-page\/tr\/prompting-tr\/","name":"Prompting Tutor - Turkish - IntegrAItion","isPartOf":{"@id":"https:\/\/integraition.de\/landing-page\/#website"},"datePublished":"2024-03-15T12:55:56+00:00","dateModified":"2024-03-19T11:20:00+00:00","breadcrumb":{"@id":"https:\/\/integraition.de\/landing-page\/tr\/prompting-tr\/#breadcrumb"},"inLanguage":"de","potentialAction":[{"@type":"ReadAction","target":["https:\/\/integraition.de\/landing-page\/tr\/prompting-tr\/"]}]},{"@type":"BreadcrumbList","@id":"https:\/\/integraition.de\/landing-page\/tr\/prompting-tr\/#breadcrumb","itemListElement":[{"@type":"ListItem","position":1,"name":"Home","item":"https:\/\/integraition.de\/landing-page\/"},{"@type":"ListItem","position":2,"name":"Prompting Tutor &#8211; Turkish"}]},{"@type":"WebSite","@id":"https:\/\/integraition.de\/landing-page\/#website","url":"https:\/\/integraition.de\/landing-page\/","name":"IntegrAItion","description":"Enabling your AI Journey","publisher":{"@id":"https:\/\/integraition.de\/landing-page\/#organization"},"alternateName":"Alba","potentialAction":[{"@type":"SearchAction","target":{"@type":"EntryPoint","urlTemplate":"https:\/\/integraition.de\/landing-page\/?s={search_term_string}"},"query-input":{"@type":"PropertyValueSpecification","valueRequired":true,"valueName":"search_term_string"}}],"inLanguage":"de"},{"@type":"Organization","@id":"https:\/\/integraition.de\/landing-page\/#organization","name":"IntegrAItion","url":"https:\/\/integraition.de\/landing-page\/","logo":{"@type":"ImageObject","inLanguage":"de","@id":"https:\/\/integraition.de\/landing-page\/#\/schema\/logo\/image\/","url":"https:\/\/i0.wp.com\/integraition.de\/wp-content\/uploads\/2024\/03\/cropped-logoalba-removebg-preview-3.png?fit=864%2C284&ssl=1","contentUrl":"https:\/\/i0.wp.com\/integraition.de\/wp-content\/uploads\/2024\/03\/cropped-logoalba-removebg-preview-3.png?fit=864%2C284&ssl=1","width":864,"height":284,"caption":"IntegrAItion"},"image":{"@id":"https:\/\/integraition.de\/landing-page\/#\/schema\/logo\/image\/"}}]}},"uagb_featured_image_src":{"full":false,"thumbnail":false,"medium":false,"medium_large":false,"large":false,"1536x1536":false,"2048x2048":false},"uagb_author_info":{"display_name":"admin","author_link":"https:\/\/integraition.de\/landing-page\/author\/admin\/"},"uagb_comment_info":0,"uagb_excerpt":"Y\u00f6nlendirme: Nedir ve Nas\u0131l Yap\u0131l\u0131r? Bu sayfada, &#8222;y\u00f6nlendirme&#8220;nin ne oldu\u011funu interaktif bir \u015fekilde \u00f6\u011freneceksiniz. Daha spesifik olarak, en iyi sonu\u00e7lar\u0131 almak i\u00e7in bir YZ ile nas\u0131l en iyi \u015fekilde ileti\u015fim kuraca\u011f\u0131n\u0131z\u0131 \u00f6\u011freneceksiniz. Amac\u0131m\u0131z, hedeflerinize m\u00fcmk\u00fcn olan en k\u0131sa s\u00fcrede ula\u015fmak i\u00e7in YZ ile etkile\u015fiminizi en iyi \u015fekilde nas\u0131l kullanaca\u011f\u0131n\u0131z\u0131 \u00f6\u011fretmektir. Alba bu konuda size yard\u0131mc\u0131&hellip;","jetpack_sharing_enabled":true,"_links":{"self":[{"href":"https:\/\/integraition.de\/landing-page\/wp-json\/wp\/v2\/pages\/1955","targetHints":{"allow":["GET"]}}],"collection":[{"href":"https:\/\/integraition.de\/landing-page\/wp-json\/wp\/v2\/pages"}],"about":[{"href":"https:\/\/integraition.de\/landing-page\/wp-json\/wp\/v2\/types\/page"}],"author":[{"embeddable":true,"href":"https:\/\/integraition.de\/landing-page\/wp-json\/wp\/v2\/users\/1"}],"replies":[{"embeddable":true,"href":"https:\/\/integraition.de\/landing-page\/wp-json\/wp\/v2\/comments?post=1955"}],"version-history":[{"count":6,"href":"https:\/\/integraition.de\/landing-page\/wp-json\/wp\/v2\/pages\/1955\/revisions"}],"predecessor-version":[{"id":2468,"href":"https:\/\/integraition.de\/landing-page\/wp-json\/wp\/v2\/pages\/1955\/revisions\/2468"}],"wp:attachment":[{"href":"https:\/\/integraition.de\/landing-page\/wp-json\/wp\/v2\/media?parent=1955"}],"curies":[{"name":"wp","href":"https:\/\/api.w.org\/{rel}","templated":true}]}}