{"id":60,"date":"2022-12-18T23:16:42","date_gmt":"2022-12-18T23:16:42","guid":{"rendered":"https:\/\/integraition.de\/about-us\/"},"modified":"2024-04-17T10:38:45","modified_gmt":"2024-04-17T10:38:45","slug":"about-us","status":"publish","type":"page","link":"https:\/\/integraition.de\/landing-page\/about-us\/","title":{"rendered":"About Us &#8211; German"},"content":{"rendered":"\n<div class=\"wp-block-uagb-container uagb-block-c823d074 alignfull uagb-is-root-container\">\n<div class=\"uagb-position__sticky wp-block-uagb-container uagb-block-81e5f196 alignfull uagb-is-root-container\"><div class=\"uagb-container-inner-blocks-wrap\"><div class=\"gtranslate_wrapper\" id=\"gt-wrapper-53852691\"><\/div>\n<\/div><\/div>\n\n\n\n<div class=\"wp-block-uagb-container uagb-block-fdf97835 alignfull uagb-is-root-container\"><div class=\"uagb-container-inner-blocks-wrap\">\n<div class=\"wp-block-uagb-advanced-heading uagb-block-8e79893d\"><h1 class=\"uagb-heading-text\">About Us<\/h1><\/div>\n<\/div><\/div>\n\n\n\n<div class=\"wp-block-uagb-container uagb-block-4c701ec1 alignfull uagb-is-root-container\"><div class=\"uagb-container-inner-blocks-wrap\">\n<div class=\"wp-block-uagb-container uagb-block-02709f65\">\n<div class=\"wp-block-uagb-advanced-heading uagb-block-407421e5\"><h6 class=\"uagb-heading-text\">01<\/h6><\/div>\n\n\n\n<div class=\"wp-block-uagb-advanced-heading uagb-block-8588c656\"><h5 class=\"uagb-heading-text\">Vision<\/h5><\/div>\n<\/div>\n\n\n\n<div class=\"wp-block-uagb-container uagb-block-00b898d5\">\n<div class=\"wp-block-uagb-advanced-heading uagb-block-fcc87e29\"><h3 class=\"uagb-heading-text\">What we strive for<\/h3><\/div>\n<\/div>\n<\/div><\/div>\n\n\n\n<div class=\"wp-block-uagb-container uagb-block-50c8842e alignfull uagb-is-root-container\"><div class=\"uagb-container-inner-blocks-wrap\">\n<div class=\"wp-block-uagb-advanced-heading uagb-block-044e83b4\"><div class=\"uagb-heading-text\">Wir glauben, dass eine erfolgreiche Integration der Schl\u00fcssel zum Aufbau st\u00e4rkerer Gemeinschaften ist. Wir nehmen an, dass Gefl\u00fcchtete in Deutschland mit besonderen Herausforderungen wie Sprachbarrieren und eingeschr\u00e4nktem Informationszugang konfrontiert sind. Unsere soziale Initiative kuratiert und erkl\u00e4rt leistungsstarke KI-Tools, die diese L\u00fccken schlie\u00dfen k\u00f6nnen. Wir wollen Gefl\u00fcchteten das Wissen und die F\u00e4higkeiten vermitteln, sich in ihrer neuen Umgebung zurechtzufinden. Unser Motto lautet: Mit KI Potenziale erschlie\u00dfen.<\/div><div class=\"uagb-separator\"><\/div><\/div>\n\n\n\n<div class=\"wp-block-uagb-call-to-action uagb-block-30011197 wp-block-button\"><div class=\"uagb-cta__wrap\"><h3 class=\"uagb-cta__title\">Wir wollen uns immer verbessern. F\u00fcr dich.<\/h3><p class=\"uagb-cta__desc\">Wenn Du uns bei dieser Mission unterst\u00fctzen m\u00f6chten, sind wir immer an deiner Meinung zur Verbesserung der Website interessiert.<\/p><\/div><div class=\"uagb-cta__buttons\"><a href=\"https:\/\/integraition.de\/landing-page\/contact\/\" class=\"uagb-cta__button-link-wrapper wp-block-button__link\" target=\"_blank\" rel=\"noopener noreferrer\">Feedback<svg xmlns=\"https:\/\/www.w3.org\/2000\/svg\" viewBox=\"0 0 512 512\"><path d=\"M504.3 273.6l-112.1 104c-6.992 6.484-17.18 8.218-25.94 4.406c-8.758-3.812-14.42-12.45-14.42-21.1L351.9 288H32C14.33 288 .0002 273.7 .0002 255.1S14.33 224 32 224h319.9l0-72c0-9.547 5.66-18.19 14.42-22c8.754-3.809 18.95-2.075 25.94 4.41l112.1 104C514.6 247.9 514.6 264.1 504.3 273.6z\"><\/path><\/svg><\/a><\/div><\/div>\n<\/div><\/div>\n<\/div>\n","protected":false},"excerpt":{"rendered":"<p>About Us 01 Vision What we strive for Wir glauben, dass eine erfolgreiche Integration der Schl\u00fcssel zum Aufbau st\u00e4rkerer Gemeinschaften ist. Wir nehmen an, dass Gefl\u00fcchtete in Deutschland mit besonderen Herausforderungen wie Sprachbarrieren und eingeschr\u00e4nktem Informationszugang konfrontiert sind. Unsere soziale Initiative kuratiert und erkl\u00e4rt leistungsstarke KI-Tools, die diese L\u00fccken schlie\u00dfen k\u00f6nnen. Wir wollen Gefl\u00fcchteten das [&hellip;]<\/p>\n","protected":false},"author":1,"featured_media":0,"parent":0,"menu_order":0,"comment_status":"closed","ping_status":"closed","template":"","meta":{"_uag_custom_page_level_css":"","site-sidebar-layout":"default","site-content-layout":"","ast-site-content-layout":"default","site-content-style":"default","site-sidebar-style":"default","ast-global-header-display":"","ast-banner-title-visibility":"","ast-main-header-display":"","ast-hfb-above-header-display":"","ast-hfb-below-header-display":"","ast-hfb-mobile-header-display":"","site-post-title":"disabled","ast-breadcrumbs-content":"","ast-featured-img":"","footer-sml-layout":"","theme-transparent-header-meta":"disabled","adv-header-id-meta":"","stick-header-meta":"","header-above-stick-meta":"","header-main-stick-meta":"","header-below-stick-meta":"","astra-migrate-meta-layouts":"set","ast-page-background-enabled":"default","ast-page-background-meta":{"desktop":{"background-color":"var(--ast-global-color-4)","background-image":"","background-repeat":"repeat","background-position":"center center","background-size":"auto","background-attachment":"scroll","background-type":"","background-media":"","overlay-type":"","overlay-color":"","overlay-opacity":"","overlay-gradient":""},"tablet":{"background-color":"","background-image":"","background-repeat":"repeat","background-position":"center center","background-size":"auto","background-attachment":"scroll","background-type":"","background-media":"","overlay-type":"","overlay-color":"","overlay-opacity":"","overlay-gradient":""},"mobile":{"background-color":"","background-image":"","background-repeat":"repeat","background-position":"center center","background-size":"auto","background-attachment":"scroll","background-type":"","background-media":"","overlay-type":"","overlay-color":"","overlay-opacity":"","overlay-gradient":""}},"ast-content-background-meta":{"desktop":{"background-color":"var(--ast-global-color-5)","background-image":"","background-repeat":"repeat","background-position":"center center","background-size":"auto","background-attachment":"scroll","background-type":"","background-media":"","overlay-type":"","overlay-color":"","overlay-opacity":"","overlay-gradient":""},"tablet":{"background-color":"var(--ast-global-color-5)","background-image":"","background-repeat":"repeat","background-position":"center center","background-size":"auto","background-attachment":"scroll","background-type":"","background-media":"","overlay-type":"","overlay-color":"","overlay-opacity":"","overlay-gradient":""},"mobile":{"background-color":"var(--ast-global-color-5)","background-image":"","background-repeat":"repeat","background-position":"center center","background-size":"auto","background-attachment":"scroll","background-type":"","background-media":"","overlay-type":"","overlay-color":"","overlay-opacity":"","overlay-gradient":""}},"footnotes":""},"class_list":["post-60","page","type-page","status-publish","hentry"],"yoast_head":"<!-- This site is optimized with the Yoast SEO plugin v25.7 - https:\/\/yoast.com\/wordpress\/plugins\/seo\/ -->\n<title>About Us - German - IntegrAItion<\/title>\n<meta name=\"robots\" content=\"index, follow, max-snippet:-1, max-image-preview:large, max-video-preview:-1\" \/>\n<link rel=\"canonical\" href=\"https:\/\/integraition.de\/landing-page\/about-us\/\" \/>\n<meta property=\"og:locale\" content=\"de_DE\" \/>\n<meta property=\"og:type\" content=\"article\" \/>\n<meta property=\"og:title\" content=\"About Us - German - IntegrAItion\" \/>\n<meta property=\"og:description\" content=\"About Us 01 Vision What we strive for Wir glauben, dass eine erfolgreiche Integration der Schl\u00fcssel zum Aufbau st\u00e4rkerer Gemeinschaften ist. Wir nehmen an, dass Gefl\u00fcchtete in Deutschland mit besonderen Herausforderungen wie Sprachbarrieren und eingeschr\u00e4nktem Informationszugang konfrontiert sind. Unsere soziale Initiative kuratiert und erkl\u00e4rt leistungsstarke KI-Tools, die diese L\u00fccken schlie\u00dfen k\u00f6nnen. Wir wollen Gefl\u00fcchteten das [&hellip;]\" \/>\n<meta property=\"og:url\" content=\"https:\/\/integraition.de\/landing-page\/about-us\/\" \/>\n<meta property=\"og:site_name\" content=\"IntegrAItion\" \/>\n<meta property=\"article:modified_time\" content=\"2024-04-17T10:38:45+00:00\" \/>\n<meta name=\"twitter:card\" content=\"summary_large_image\" \/>\n<meta name=\"twitter:label1\" content=\"Gesch\u00e4tzte Lesezeit\" \/>\n\t<meta name=\"twitter:data1\" content=\"2\u00a0Minuten\" \/>\n<script type=\"application\/ld+json\" class=\"yoast-schema-graph\">{\"@context\":\"https:\/\/schema.org\",\"@graph\":[{\"@type\":\"WebPage\",\"@id\":\"https:\/\/integraition.de\/landing-page\/about-us\/\",\"url\":\"https:\/\/integraition.de\/landing-page\/about-us\/\",\"name\":\"About Us - German - IntegrAItion\",\"isPartOf\":{\"@id\":\"https:\/\/integraition.de\/landing-page\/#website\"},\"datePublished\":\"2022-12-18T23:16:42+00:00\",\"dateModified\":\"2024-04-17T10:38:45+00:00\",\"breadcrumb\":{\"@id\":\"https:\/\/integraition.de\/landing-page\/about-us\/#breadcrumb\"},\"inLanguage\":\"de\",\"potentialAction\":[{\"@type\":\"ReadAction\",\"target\":[\"https:\/\/integraition.de\/landing-page\/about-us\/\"]}]},{\"@type\":\"BreadcrumbList\",\"@id\":\"https:\/\/integraition.de\/landing-page\/about-us\/#breadcrumb\",\"itemListElement\":[{\"@type\":\"ListItem\",\"position\":1,\"name\":\"Home\",\"item\":\"https:\/\/integraition.de\/landing-page\/\"},{\"@type\":\"ListItem\",\"position\":2,\"name\":\"About Us &#8211; German\"}]},{\"@type\":\"WebSite\",\"@id\":\"https:\/\/integraition.de\/landing-page\/#website\",\"url\":\"https:\/\/integraition.de\/landing-page\/\",\"name\":\"IntegrAItion\",\"description\":\"Enabling your AI Journey\",\"publisher\":{\"@id\":\"https:\/\/integraition.de\/landing-page\/#organization\"},\"alternateName\":\"Alba\",\"potentialAction\":[{\"@type\":\"SearchAction\",\"target\":{\"@type\":\"EntryPoint\",\"urlTemplate\":\"https:\/\/integraition.de\/landing-page\/?s={search_term_string}\"},\"query-input\":{\"@type\":\"PropertyValueSpecification\",\"valueRequired\":true,\"valueName\":\"search_term_string\"}}],\"inLanguage\":\"de\"},{\"@type\":\"Organization\",\"@id\":\"https:\/\/integraition.de\/landing-page\/#organization\",\"name\":\"IntegrAItion\",\"url\":\"https:\/\/integraition.de\/landing-page\/\",\"logo\":{\"@type\":\"ImageObject\",\"inLanguage\":\"de\",\"@id\":\"https:\/\/integraition.de\/landing-page\/#\/schema\/logo\/image\/\",\"url\":\"https:\/\/i0.wp.com\/integraition.de\/wp-content\/uploads\/2024\/03\/cropped-logoalba-removebg-preview-3.png?fit=864%2C284&ssl=1\",\"contentUrl\":\"https:\/\/i0.wp.com\/integraition.de\/wp-content\/uploads\/2024\/03\/cropped-logoalba-removebg-preview-3.png?fit=864%2C284&ssl=1\",\"width\":864,\"height\":284,\"caption\":\"IntegrAItion\"},\"image\":{\"@id\":\"https:\/\/integraition.de\/landing-page\/#\/schema\/logo\/image\/\"}}]}<\/script>\n<!-- \/ Yoast SEO plugin. -->","yoast_head_json":{"title":"About Us - German - IntegrAItion","robots":{"index":"index","follow":"follow","max-snippet":"max-snippet:-1","max-image-preview":"max-image-preview:large","max-video-preview":"max-video-preview:-1"},"canonical":"https:\/\/integraition.de\/landing-page\/about-us\/","og_locale":"de_DE","og_type":"article","og_title":"About Us - German - IntegrAItion","og_description":"About Us 01 Vision What we strive for Wir glauben, dass eine erfolgreiche Integration der Schl\u00fcssel zum Aufbau st\u00e4rkerer Gemeinschaften ist. Wir nehmen an, dass Gefl\u00fcchtete in Deutschland mit besonderen Herausforderungen wie Sprachbarrieren und eingeschr\u00e4nktem Informationszugang konfrontiert sind. Unsere soziale Initiative kuratiert und erkl\u00e4rt leistungsstarke KI-Tools, die diese L\u00fccken schlie\u00dfen k\u00f6nnen. Wir wollen Gefl\u00fcchteten das [&hellip;]","og_url":"https:\/\/integraition.de\/landing-page\/about-us\/","og_site_name":"IntegrAItion","article_modified_time":"2024-04-17T10:38:45+00:00","twitter_card":"summary_large_image","twitter_misc":{"Gesch\u00e4tzte Lesezeit":"2\u00a0Minuten"},"schema":{"@context":"https:\/\/schema.org","@graph":[{"@type":"WebPage","@id":"https:\/\/integraition.de\/landing-page\/about-us\/","url":"https:\/\/integraition.de\/landing-page\/about-us\/","name":"About Us - German - IntegrAItion","isPartOf":{"@id":"https:\/\/integraition.de\/landing-page\/#website"},"datePublished":"2022-12-18T23:16:42+00:00","dateModified":"2024-04-17T10:38:45+00:00","breadcrumb":{"@id":"https:\/\/integraition.de\/landing-page\/about-us\/#breadcrumb"},"inLanguage":"de","potentialAction":[{"@type":"ReadAction","target":["https:\/\/integraition.de\/landing-page\/about-us\/"]}]},{"@type":"BreadcrumbList","@id":"https:\/\/integraition.de\/landing-page\/about-us\/#breadcrumb","itemListElement":[{"@type":"ListItem","position":1,"name":"Home","item":"https:\/\/integraition.de\/landing-page\/"},{"@type":"ListItem","position":2,"name":"About Us &#8211; German"}]},{"@type":"WebSite","@id":"https:\/\/integraition.de\/landing-page\/#website","url":"https:\/\/integraition.de\/landing-page\/","name":"IntegrAItion","description":"Enabling your AI Journey","publisher":{"@id":"https:\/\/integraition.de\/landing-page\/#organization"},"alternateName":"Alba","potentialAction":[{"@type":"SearchAction","target":{"@type":"EntryPoint","urlTemplate":"https:\/\/integraition.de\/landing-page\/?s={search_term_string}"},"query-input":{"@type":"PropertyValueSpecification","valueRequired":true,"valueName":"search_term_string"}}],"inLanguage":"de"},{"@type":"Organization","@id":"https:\/\/integraition.de\/landing-page\/#organization","name":"IntegrAItion","url":"https:\/\/integraition.de\/landing-page\/","logo":{"@type":"ImageObject","inLanguage":"de","@id":"https:\/\/integraition.de\/landing-page\/#\/schema\/logo\/image\/","url":"https:\/\/i0.wp.com\/integraition.de\/wp-content\/uploads\/2024\/03\/cropped-logoalba-removebg-preview-3.png?fit=864%2C284&ssl=1","contentUrl":"https:\/\/i0.wp.com\/integraition.de\/wp-content\/uploads\/2024\/03\/cropped-logoalba-removebg-preview-3.png?fit=864%2C284&ssl=1","width":864,"height":284,"caption":"IntegrAItion"},"image":{"@id":"https:\/\/integraition.de\/landing-page\/#\/schema\/logo\/image\/"}}]}},"uagb_featured_image_src":{"full":false,"thumbnail":false,"medium":false,"medium_large":false,"large":false,"1536x1536":false,"2048x2048":false},"uagb_author_info":{"display_name":"admin","author_link":"https:\/\/integraition.de\/landing-page\/author\/admin\/"},"uagb_comment_info":0,"uagb_excerpt":"About Us 01 Vision What we strive for Wir glauben, dass eine erfolgreiche Integration der Schl\u00fcssel zum Aufbau st\u00e4rkerer Gemeinschaften ist. Wir nehmen an, dass Gefl\u00fcchtete in Deutschland mit besonderen Herausforderungen wie Sprachbarrieren und eingeschr\u00e4nktem Informationszugang konfrontiert sind. Unsere soziale Initiative kuratiert und erkl\u00e4rt leistungsstarke KI-Tools, die diese L\u00fccken schlie\u00dfen k\u00f6nnen. Wir wollen Gefl\u00fcchteten das&hellip;","jetpack_sharing_enabled":true,"_links":{"self":[{"href":"https:\/\/integraition.de\/landing-page\/wp-json\/wp\/v2\/pages\/60","targetHints":{"allow":["GET"]}}],"collection":[{"href":"https:\/\/integraition.de\/landing-page\/wp-json\/wp\/v2\/pages"}],"about":[{"href":"https:\/\/integraition.de\/landing-page\/wp-json\/wp\/v2\/types\/page"}],"author":[{"embeddable":true,"href":"https:\/\/integraition.de\/landing-page\/wp-json\/wp\/v2\/users\/1"}],"replies":[{"embeddable":true,"href":"https:\/\/integraition.de\/landing-page\/wp-json\/wp\/v2\/comments?post=60"}],"version-history":[{"count":27,"href":"https:\/\/integraition.de\/landing-page\/wp-json\/wp\/v2\/pages\/60\/revisions"}],"predecessor-version":[{"id":2578,"href":"https:\/\/integraition.de\/landing-page\/wp-json\/wp\/v2\/pages\/60\/revisions\/2578"}],"wp:attachment":[{"href":"https:\/\/integraition.de\/landing-page\/wp-json\/wp\/v2\/media?parent=60"}],"curies":[{"name":"wp","href":"https:\/\/api.w.org\/{rel}","templated":true}]}}